{"id":24,"date":"2025-12-11T21:09:14","date_gmt":"2025-12-11T21:09:14","guid":{"rendered":"https:\/\/racines-interieures.fr\/?page_id=24"},"modified":"2025-12-23T10:32:28","modified_gmt":"2025-12-23T10:32:28","slug":"home","status":"publish","type":"page","link":"https:\/\/racines-interieures.fr\/","title":{"rendered":"Home"},"content":{"rendered":"\n<div class=\"wp-block-uagb-container uagb-block-w4m81mpw alignfull uagb-is-root-container\"><div class=\"uagb-container-inner-blocks-wrap\">\n<div class=\"wp-block-uagb-container uagb-block-z4il05i6\">\n<div class=\"wp-block-uagb-info-box uagb-block-cy174oyc uagb-infobox__content-wrap  uagb-infobox-icon-above-title uagb-infobox-image-valign-top\"><div class=\"uagb-ifb-content\"><div class=\"uagb-ifb-title-wrap\"><h2 class=\"uagb-ifb-title\">Ton inconscient a des choses \u00e0 te dire.<br><span style=\"color:#81b29a\">Et tu as, en toi, toutes les ressources pour l\u2019\u00e9couter.<\/span><\/h2><\/div><p class=\"uagb-ifb-desc\">C\u2019est l\u00e0 toute la philosophie de Racines Int\u00e9rieures.<br>L\u2019\u00e9criture et l\u2019hypnose sont deux outils puissants.<br>Pas magiques. Pas mystiques. Juste puissants.<br>Parce qu\u2019ils te ram\u00e8nent \u00e0 toi.<br>L\u2019\u00e9criture met de l\u2019ordre. L\u2019hypnose lib\u00e8re ce qui bloque. Ensemble, elles t\u2019aident \u00e0 faire le tri, \u00e0 retrouver de la clart\u00e9, \u00e0 remettre du mouvement dans ta vie.<br>Tu redeviens acteur\u00b7rice de ton chemin \u2014 pas \u00e0 pas, mais pour de vrai.<\/p><\/div><\/div>\n\n\n\n<div class=\"wp-block-uagb-buttons uagb-buttons__outer-wrap uagb-btn__default-btn uagb-btn-tablet__default-btn uagb-btn-mobile__default-btn uagb-block-9xybvbb7\"><div class=\"uagb-buttons__wrap uagb-buttons-layout-wrap \">\n<div class=\"wp-block-uagb-buttons-child uagb-buttons__outer-wrap uagb-block-itqstljr wp-block-button\"><div class=\"uagb-button__wrapper\"><a class=\"uagb-buttons-repeater wp-block-button__link\" aria-label=\"\" href=\"#\" rel=\"follow noopener\" target=\"_self\" role=\"button\"><div class=\"uagb-button__link\">Commencer<\/div><\/a><\/div><\/div>\n<\/div><\/div>\n<\/div>\n\n\n\n<div class=\"wp-block-uagb-image alignleft uagb-block-shsbn589 wp-block-uagb-image--layout-default wp-block-uagb-image--effect-static wp-block-uagb-image--align-left\"><figure class=\"wp-block-uagb-image__figure\"><img decoding=\"async\" srcset=\"https:\/\/racines-interieures.fr\/wp-content\/uploads\/2025\/12\/IMG_9461-768x1024.jpeg ,https:\/\/racines-interieures.fr\/wp-content\/uploads\/2025\/12\/IMG_9461.jpeg 780w, https:\/\/racines-interieures.fr\/wp-content\/uploads\/2025\/12\/IMG_9461.jpeg 360w\" sizes=\"auto, (max-width: 480px) 150px\" src=\"https:\/\/racines-interieures.fr\/wp-content\/uploads\/2025\/12\/IMG_9461-768x1024.jpeg\" alt=\"\" class=\"uag-image-12\" width=\"479\" height=\"520\" title=\"IMG_9461\" loading=\"lazy\" role=\"img\"\/><\/figure><\/div>\n<\/div><\/div>\n\n\n\n<div class=\"wp-block-uagb-container uagb-block-993ml3ai alignfull uagb-is-root-container\"><div class=\"uagb-container-inner-blocks-wrap\">\n<div class=\"wp-block-uagb-info-box uagb-block-1g7ho8wn uagb-infobox__content-wrap  uagb-infobox-icon-above-title uagb-infobox-image-valign-top\"><div class=\"uagb-ifb-content\"><div class=\"uagb-ifb-title-wrap\"><h2 class=\"uagb-ifb-title\">Retrouver ton cap.<br><span style=\"color:#e07a5f\">Mot apr\u00e8s mot<\/span><\/h2><\/div><\/div><\/div>\n\n\n\n<div class=\"wp-block-uagb-container uagb-block-hir2udyl\">\n<div class=\"wp-block-uagb-info-box uagb-block-ma117gp2 uagb-infobox__content-wrap  uagb-infobox-icon-above-title uagb-infobox-image-valign-top\"><div class=\"uagb-ifb-content\"><div class=\"uagb-ifb-title-wrap\"><\/div><p class=\"uagb-ifb-desc\">Tu sens que quelque chose a besoin de bouger\u2026<br>Mais tu ne veux pas \u201creprendre une th\u00e9rapie\u201d. Tu ne veux pas \u201cparler toutes les semaines \u00e0 quelqu\u2019un\u201d.  Tu ne veux pas remplir ton agenda de rendez-vous pour \u201caller mieux\u201d.<br><br><strong>Ce que tu veux vraiment, c\u2019est :<\/strong><br>&#8211; Avancer \u00e0 ton rythme, dans un espace s\u00fbr et respectueux de ton \u00e9nergie<br>&#8211; Comprendre ce qui bloque, sans devoir tout d\u00e9cortiquer rationnellement<br>&#8211; Te reconnecter \u00e0 ce qui est essentiel pour toi, sans pression de r\u00e9sultat<br><br>Tu veux surtout : <em>retrouver ton \u00e9nergie, tes envies, et y voir plus clair<\/em>.<br>\ud83c\udf31 <em>Racines Int\u00e9rieures<\/em>, c\u2019est un espace d\u2019exploration m\u00ealant hypnose et \u00e9criture th\u00e9rapeutique. Un endroit pour faire le tri, te reconnecter \u00e0 toi et poser un cap plus align\u00e9, sans devoir te &#8220;r\u00e9inventer&#8221; de A \u00e0 Z<\/p><\/div><\/div>\n\n\n\n<div class=\"wp-block-uagb-container uagb-block-mgfgw1pi\"><\/div>\n<\/div>\n<\/div><\/div>\n\n\n\n\n\n<div class=\"wp-block-uagb-container uagb-block-2c406a57 alignfull uagb-is-root-container\"><div class=\"uagb-container-inner-blocks-wrap\">\n<div class=\"wp-block-uagb-info-box uagb-block-71cf8fea uagb-infobox__content-wrap  uagb-infobox-icon-above-title uagb-infobox-image-valign-top\"><div class=\"uagb-ifb-content\"><div class=\"uagb-ifb-title-wrap\"><h2 class=\"uagb-ifb-title\">Comment commencer ?<\/h2><\/div><p class=\"uagb-ifb-desc\">Si tu souhaites \u00e9crire seul(e), en groupe, r\u00e9soudre un probl\u00e8me en particulier ou simplement te faire du bien, je serais heureuse de t&#8217;accompagner.<\/p><\/div><\/div>\n\n\n\n<div class=\"wp-block-uagb-container uagb-block-708e15f3\">\n<div class=\"wp-block-uagb-container uagb-block-f88d0c1e\">\n<div class=\"wp-block-uagb-info-box uagb-block-d04bd4f1 uagb-infobox__content-wrap  uagb-infobox-icon-above-title uagb-infobox-image-valign-top\"><div class=\"uagb-ifb-content\"><div class=\"uagb-ifb-title-wrap\"><h3 class=\"uagb-ifb-title\">Ecrire seul(e) ou en groupe.<\/h3><\/div><p class=\"uagb-ifb-desc\">Ecrire seul ou en groupe, chez toi ou ailleurs. L&#8217;important c&#8217;est \u00e9crire et lib\u00e9rer.<\/p><\/div><\/div>\n\n\n\n<div class=\"wp-block-uagb-icon-list uagb-block-c2576de7\"><div class=\"uagb-icon-list__wrap\">\n<div class=\"wp-block-uagb-icon-list-child uagb-block-4627290d\"><span class=\"uagb-icon-list__source-wrap\"><svg xmlns=\"https:\/\/www.w3.org\/2000\/svg\" viewBox=\"0 0 448 512\"><path d=\"M438.6 105.4C451.1 117.9 451.1 138.1 438.6 150.6L182.6 406.6C170.1 419.1 149.9 419.1 137.4 406.6L9.372 278.6C-3.124 266.1-3.124 245.9 9.372 233.4C21.87 220.9 42.13 220.9 54.63 233.4L159.1 338.7L393.4 105.4C405.9 92.88 426.1 92.88 438.6 105.4H438.6z\"><\/path><\/svg><\/span><span class=\"uagb-icon-list__label\">Des ateliers de 6 \u00e0 8 personnes dans un cadre bienveillant. En ligne ou sur place dans notre g\u00eete \u00e0 Tullins.<\/span><\/div>\n\n\n\n<div class=\"wp-block-uagb-icon-list-child uagb-block-8d1b5387\"><span class=\"uagb-icon-list__source-wrap\"><svg xmlns=\"https:\/\/www.w3.org\/2000\/svg\" viewBox=\"0 0 448 512\"><path d=\"M438.6 105.4C451.1 117.9 451.1 138.1 438.6 150.6L182.6 406.6C170.1 419.1 149.9 419.1 137.4 406.6L9.372 278.6C-3.124 266.1-3.124 245.9 9.372 233.4C21.87 220.9 42.13 220.9 54.63 233.4L159.1 338.7L393.4 105.4C405.9 92.88 426.1 92.88 438.6 105.4H438.6z\"><\/path><\/svg><\/span><span class=\"uagb-icon-list__label\">Une correspondance confidentielle avec un accompagnement sur mesure<\/span><\/div>\n<\/div><\/div>\n\n\n\n<div class=\"wp-block-uagb-buttons uagb-buttons__outer-wrap uagb-btn__default-btn uagb-btn-tablet__default-btn uagb-btn-mobile__default-btn uagb-block-34294a86\"><div class=\"uagb-buttons__wrap uagb-buttons-layout-wrap \">\n<div class=\"wp-block-uagb-buttons-child uagb-buttons__outer-wrap uagb-block-32849780 wp-block-button\"><div class=\"uagb-button__wrapper\"><a class=\"uagb-buttons-repeater wp-block-button__link\" aria-label=\"\" href=\"https:\/\/calendly.com\/marion-stapf\/premier-contact\" rel=\"follow noopener\" target=\"_self\" role=\"button\"><div class=\"uagb-button__link\">En savoir plus<\/div><\/a><\/div><\/div>\n<\/div><\/div>\n<\/div>\n\n\n\n<div class=\"wp-block-uagb-container uagb-block-c24db377\">\n<div class=\"wp-block-uagb-info-box uagb-block-db15b1ba uagb-infobox__content-wrap  uagb-infobox-icon-above-title uagb-infobox-image-valign-top\"><div class=\"uagb-ifb-content\"><div class=\"uagb-ifb-title-wrap\"><h3 class=\"uagb-ifb-title\">Des programmes sp\u00e9ciaux.<\/h3><\/div><p class=\"uagb-ifb-desc\">Parce que je me suis sp\u00e9cialis\u00e9e dans la gestion des profils qui s&#8217;adaptent un peu trop \u00e0 leur environnement j&#8217;ai cr\u00e9\u00e9 des programmes sur-mesure, qui te permettent de retrouver ta place, sereinement.<\/p><\/div><\/div>\n\n\n\n<div class=\"wp-block-uagb-icon-list uagb-block-f6d4f542\"><div class=\"uagb-icon-list__wrap\">\n<div class=\"wp-block-uagb-icon-list-child uagb-block-9d64e9f9\"><span class=\"uagb-icon-list__source-wrap\"><svg xmlns=\"https:\/\/www.w3.org\/2000\/svg\" viewBox=\"0 0 448 512\"><path d=\"M438.6 105.4C451.1 117.9 451.1 138.1 438.6 150.6L182.6 406.6C170.1 419.1 149.9 419.1 137.4 406.6L9.372 278.6C-3.124 266.1-3.124 245.9 9.372 233.4C21.87 220.9 42.13 220.9 54.63 233.4L159.1 338.7L393.4 105.4C405.9 92.88 426.1 92.88 438.6 105.4H438.6z\"><\/path><\/svg><\/span><span class=\"uagb-icon-list__label\">Programme Territoire Int\u00e9rieur : pour toi si tu sens bien que tu as un profil ultra-adaptatif <\/span><\/div>\n\n\n\n<div class=\"wp-block-uagb-icon-list-child uagb-block-0dab1a65\"><span class=\"uagb-icon-list__source-wrap\"><svg xmlns=\"https:\/\/www.w3.org\/2000\/svg\" viewBox=\"0 0 448 512\"><path d=\"M438.6 105.4C451.1 117.9 451.1 138.1 438.6 150.6L182.6 406.6C170.1 419.1 149.9 419.1 137.4 406.6L9.372 278.6C-3.124 266.1-3.124 245.9 9.372 233.4C21.87 220.9 42.13 220.9 54.63 233.4L159.1 338.7L393.4 105.4C405.9 92.88 426.1 92.88 438.6 105.4H438.6z\"><\/path><\/svg><\/span><span class=\"uagb-icon-list__label\">Programme Ecrire face au Burn Out<\/span><\/div>\n<\/div><\/div>\n\n\n\n<div class=\"wp-block-uagb-buttons uagb-buttons__outer-wrap uagb-btn__default-btn uagb-btn-tablet__default-btn uagb-btn-mobile__default-btn uagb-block-2f88a3cb\"><div class=\"uagb-buttons__wrap uagb-buttons-layout-wrap \">\n<div class=\"wp-block-uagb-buttons-child uagb-buttons__outer-wrap uagb-block-52141195 wp-block-button\"><div class=\"uagb-button__wrapper\"><a class=\"uagb-buttons-repeater wp-block-button__link\" aria-label=\"\" href=\"https:\/\/calendly.com\/marion-stapf\/premier-contact\" rel=\"follow noopener\" target=\"_self\" role=\"button\"><div class=\"uagb-button__link\">En savoir plus<\/div><\/a><\/div><\/div>\n<\/div><\/div>\n<\/div>\n\n\n\n<div class=\"wp-block-uagb-container uagb-block-a1a266dd\">\n<div class=\"wp-block-uagb-info-box uagb-block-9091746d uagb-infobox__content-wrap  uagb-infobox-icon-above-title uagb-infobox-image-valign-top\"><div class=\"uagb-ifb-content\"><div class=\"uagb-ifb-title-wrap\"><p class=\"uagb-ifb-title-prefix\"><em> <\/em><\/p><h3 class=\"uagb-ifb-title\">Les s\u00e9jours.<\/h3><\/div><p class=\"uagb-ifb-desc\">Parce que changer d&#8217;air permet bien souvent de changer d&#8217;axe, nous proposons des s\u00e9jours dans notre g\u00eete, \u00e0 Tullins<\/p><\/div><\/div>\n\n\n\n<div class=\"wp-block-uagb-icon-list uagb-block-24a8709f\"><div class=\"uagb-icon-list__wrap\">\n<div class=\"wp-block-uagb-icon-list-child uagb-block-75e76552\"><span class=\"uagb-icon-list__source-wrap\"><svg xmlns=\"https:\/\/www.w3.org\/2000\/svg\" viewBox=\"0 0 448 512\"><path d=\"M438.6 105.4C451.1 117.9 451.1 138.1 438.6 150.6L182.6 406.6C170.1 419.1 149.9 419.1 137.4 406.6L9.372 278.6C-3.124 266.1-3.124 245.9 9.372 233.4C21.87 220.9 42.13 220.9 54.63 233.4L159.1 338.7L393.4 105.4C405.9 92.88 426.1 92.88 438.6 105.4H438.6z\"><\/path><\/svg><\/span><span class=\"uagb-icon-list__label\">Un s\u00e9jour en solo pour faire ton bilan, te poser, en pleine nature<\/span><\/div>\n\n\n\n<div class=\"wp-block-uagb-icon-list-child uagb-block-ab0ee7b4\"><span class=\"uagb-icon-list__source-wrap\"><svg xmlns=\"https:\/\/www.w3.org\/2000\/svg\" viewBox=\"0 0 448 512\"><path d=\"M438.6 105.4C451.1 117.9 451.1 138.1 438.6 150.6L182.6 406.6C170.1 419.1 149.9 419.1 137.4 406.6L9.372 278.6C-3.124 266.1-3.124 245.9 9.372 233.4C21.87 220.9 42.13 220.9 54.63 233.4L159.1 338.7L393.4 105.4C405.9 92.88 426.1 92.88 438.6 105.4H438.6z\"><\/path><\/svg><\/span><span class=\"uagb-icon-list__label\">Un s\u00e9jour en groupe pour profiter de l&#8217;\u00e9lan de la collectivit\u00e9<\/span><\/div>\n\n\n\n<div class=\"wp-block-uagb-icon-list-child uagb-block-7d4229fe\"><span class=\"uagb-icon-list__source-wrap\"><svg xmlns=\"https:\/\/www.w3.org\/2000\/svg\" viewBox=\"0 0 448 512\"><path d=\"M438.6 105.4C451.1 117.9 451.1 138.1 438.6 150.6L182.6 406.6C170.1 419.1 149.9 419.1 137.4 406.6L9.372 278.6C-3.124 266.1-3.124 245.9 9.372 233.4C21.87 220.9 42.13 220.9 54.63 233.4L159.1 338.7L393.4 105.4C405.9 92.88 426.1 92.88 438.6 105.4H438.6z\"><\/path><\/svg><\/span><span class=\"uagb-icon-list__label\">Des s\u00e9jours aventure pour te d\u00e9passer (en douceur)<\/span><\/div>\n<\/div><\/div>\n\n\n\n<div class=\"wp-block-uagb-buttons uagb-buttons__outer-wrap uagb-btn__default-btn uagb-btn-tablet__default-btn uagb-btn-mobile__default-btn uagb-block-e6eed541\"><div class=\"uagb-buttons__wrap uagb-buttons-layout-wrap \">\n<div class=\"wp-block-uagb-buttons-child uagb-buttons__outer-wrap uagb-block-7a05fddb wp-block-button\"><div class=\"uagb-button__wrapper\"><a class=\"uagb-buttons-repeater wp-block-button__link\" aria-label=\"\" href=\"https:\/\/calendly.com\/marion-stapf\/premier-contact\" rel=\"follow noopener\" target=\"_self\" role=\"button\"><div class=\"uagb-button__link\">En savoir plus<\/div><\/a><\/div><\/div>\n<\/div><\/div>\n<\/div>\n<\/div>\n<\/div><\/div>\n\n\n\n<div class=\"wp-block-uagb-container uagb-block-4fersr07 alignfull uagb-is-root-container\"><div class=\"uagb-container-inner-blocks-wrap\">\n<div class=\"wp-block-uagb-image alignleft uagb-block-1hqibyvn wp-block-uagb-image--layout-default wp-block-uagb-image--effect-static wp-block-uagb-image--align-left\"><figure class=\"wp-block-uagb-image__figure\"><img decoding=\"async\" srcset=\"https:\/\/racines-interieures.fr\/wp-content\/uploads\/2025\/12\/IMG_9411-768x1024.jpeg ,https:\/\/racines-interieures.fr\/wp-content\/uploads\/2025\/12\/IMG_9411-scaled.jpeg 780w, https:\/\/racines-interieures.fr\/wp-content\/uploads\/2025\/12\/IMG_9411-scaled.jpeg 360w\" sizes=\"auto, (max-width: 480px) 150px\" src=\"https:\/\/racines-interieures.fr\/wp-content\/uploads\/2025\/12\/IMG_9411-768x1024.jpeg\" alt=\"\" class=\"uag-image-100\" width=\"600\" height=\"500\" title=\"IMG_9411\" loading=\"lazy\" role=\"img\"\/><\/figure><\/div>\n\n\n\n<div class=\"wp-block-uagb-container uagb-block-k8gmjuf7\">\n<div class=\"wp-block-uagb-info-box uagb-block-0ow86y3l uagb-infobox__content-wrap  uagb-infobox-icon-above-title uagb-infobox-image-valign-top\">\n<div class=\"uagb-ifb-content\">\n<div class=\"uagb-ifb-title-wrap\"><h2 class=\"uagb-ifb-title\">Marion Stapf.<br><span style=\"color:#81b29a\">A Propos.<\/span><\/h2><\/div>\n<p class=\"uagb-ifb-desc\">Bonjour, je suis Marion Stapf.<br>J\u2019ai moi aussi connu les p\u00e9riodes floues, les remises en question, la fatigue int\u00e9rieure : bref un bon gros burn-out. J\u2019avais besoin de calme. De solitude choisie. Mais aussi d\u2019un cadre rassurant, d\u2019un miroir bienveillant, et d\u2019<strong>outils concrets pour me remettre en mouvement<\/strong>.<br>C\u2019est ce qui m\u2019a amen\u00e9e \u00e0 cr\u00e9er <em>Racines Int\u00e9rieures<\/em> :<br>un espace pour ralentir, se recentrer, et retrouver ce qui fait sens \u2014<br>grace \u00e0 l\u2019hypnose, \u00e0 l\u2019\u00e9criture\u2026 et \u00e0 un accompagnement sans pression, ni posture.<br>Ici, on avance autrement.<br>En profondeur, mais en douceur&#8230;<\/p>\n<\/div>\n<\/div>\n<\/div>\n<\/div><\/div>\n","protected":false},"excerpt":{"rendered":"<p>Marion Stapf.A Propos. Bonjour, je suis Marion Stapf.J\u2019ai moi aussi connu les p\u00e9riodes floues, les remises en question, la fatigue [&hellip;]<\/p>\n","protected":false},"author":1,"featured_media":0,"parent":0,"menu_order":0,"comment_status":"closed","ping_status":"closed","template":"","meta":{"_uag_custom_page_level_css":"","site-sidebar-layout":"no-sidebar","site-content-layout":"plain-container","ast-site-content-layout":"default","site-content-style":"default","site-sidebar-style":"default","ast-global-header-display":"","ast-banner-title-visibility":"","ast-main-header-display":"","ast-hfb-above-header-display":"","ast-hfb-below-header-display":"","ast-hfb-mobile-header-display":"","site-post-title":"disabled","ast-breadcrumbs-content":"","ast-featured-img":"","footer-sml-layout":"","ast-disable-related-posts":"","theme-transparent-header-meta":"enabled","adv-header-id-meta":"","stick-header-meta":"","header-above-stick-meta":"","header-main-stick-meta":"","header-below-stick-meta":"","astra-migrate-meta-layouts":"default","ast-page-background-enabled":"default","ast-page-background-meta":{"desktop":{"background-color":"var(--ast-global-color-5)","background-image":"","background-repeat":"repeat","background-position":"center center","background-size":"auto","background-attachment":"scroll","background-type":"","background-media":"","overlay-type":"","overlay-color":"","overlay-opacity":"","overlay-gradient":""},"tablet":{"background-color":"","background-image":"","background-repeat":"repeat","background-position":"center center","background-size":"auto","background-attachment":"scroll","background-type":"","background-media":"","overlay-type":"","overlay-color":"","overlay-opacity":"","overlay-gradient":""},"mobile":{"background-color":"","background-image":"","background-repeat":"repeat","background-position":"center center","background-size":"auto","background-attachment":"scroll","background-type":"","background-media":"","overlay-type":"","overlay-color":"","overlay-opacity":"","overlay-gradient":""}},"ast-content-background-meta":{"desktop":{"background-color":"var(--ast-global-color-4)","background-image":"","background-repeat":"repeat","background-position":"center center","background-size":"auto","background-attachment":"scroll","background-type":"","background-media":"","overlay-type":"","overlay-color":"","overlay-opacity":"","overlay-gradient":""},"tablet":{"background-color":"var(--ast-global-color-4)","background-image":"","background-repeat":"repeat","background-position":"center center","background-size":"auto","background-attachment":"scroll","background-type":"","background-media":"","overlay-type":"","overlay-color":"","overlay-opacity":"","overlay-gradient":""},"mobile":{"background-color":"var(--ast-global-color-4)","background-image":"","background-repeat":"repeat","background-position":"center center","background-size":"auto","background-attachment":"scroll","background-type":"","background-media":"","overlay-type":"","overlay-color":"","overlay-opacity":"","overlay-gradient":""}},"footnotes":""},"class_list":["post-24","page","type-page","status-publish","hentry"],"uagb_featured_image_src":{"full":false,"thumbnail":false,"medium":false,"medium_large":false,"large":false,"1536x1536":false,"2048x2048":false},"uagb_author_info":{"display_name":"admin3777","author_link":"https:\/\/racines-interieures.fr\/index.php\/author\/admin3777\/"},"uagb_comment_info":0,"uagb_excerpt":"Marion Stapf.A Propos. Bonjour, je suis Marion Stapf.J\u2019ai moi aussi connu les p\u00e9riodes floues, les remises en question, la fatigue [&hellip;]","_links":{"self":[{"href":"https:\/\/racines-interieures.fr\/index.php\/wp-json\/wp\/v2\/pages\/24","targetHints":{"allow":["GET"]}}],"collection":[{"href":"https:\/\/racines-interieures.fr\/index.php\/wp-json\/wp\/v2\/pages"}],"about":[{"href":"https:\/\/racines-interieures.fr\/index.php\/wp-json\/wp\/v2\/types\/page"}],"author":[{"embeddable":true,"href":"https:\/\/racines-interieures.fr\/index.php\/wp-json\/wp\/v2\/users\/1"}],"replies":[{"embeddable":true,"href":"https:\/\/racines-interieures.fr\/index.php\/wp-json\/wp\/v2\/comments?post=24"}],"version-history":[{"count":54,"href":"https:\/\/racines-interieures.fr\/index.php\/wp-json\/wp\/v2\/pages\/24\/revisions"}],"predecessor-version":[{"id":123,"href":"https:\/\/racines-interieures.fr\/index.php\/wp-json\/wp\/v2\/pages\/24\/revisions\/123"}],"wp:attachment":[{"href":"https:\/\/racines-interieures.fr\/index.php\/wp-json\/wp\/v2\/media?parent=24"}],"curies":[{"name":"wp","href":"https:\/\/api.w.org\/{rel}","templated":true}]}}